{"id":353,"date":"2025-08-16T10:06:39","date_gmt":"2025-08-16T10:06:39","guid":{"rendered":"https:\/\/vnpt-internet.top\/?page_id=353"},"modified":"2025-08-17T02:31:13","modified_gmt":"2025-08-17T02:31:13","slug":"lien-he","status":"publish","type":"page","link":"https:\/\/vnpt-internet.top\/?page_id=353","title":{"rendered":"LI\u00caN H\u1ec6"},"content":{"rendered":"\n\t<section class=\"section dark\" id=\"section_992500731\">\n\t\t<div class=\"bg section-bg fill bg-fill  \" >\n\n\t\t\t\n\t\t\t<div class=\"section-bg-overlay absolute fill\"><\/div>\n\t\t\t\n\n\t\t<\/div>\n\n\t\t\n\n\t\t<div class=\"section-content relative\">\n\t\t\t\n\n<div class=\"row\"  id=\"row-449462628\">\n\n\n\t<div id=\"col-1165529045\" class=\"col small-12 large-12\"  >\n\t\t\t\t<div class=\"col-inner text-center\"  >\n\t\t\t\n\t\t\t\n\n\n\t\t<\/div>\n\t\t\t\t\n<style>\n#col-1165529045 > .col-inner {\n  padding: 20px 0px 0px 0px;\n}\n<\/style>\n\t<\/div>\n\n\t\n\n<\/div>\n\n\t\t<\/div>\n\n\t\t\n<style>\n#section_992500731 {\n  padding-top: 140px;\n  padding-bottom: 140px;\n  background-color: rgb(40, 40, 40);\n}\n#section_992500731 .section-bg-overlay {\n  background-color: rgba(0, 0, 0, 0.3);\n}\n#section_992500731 .section-bg.bg-loaded {\n  background-image: url(https:\/\/vnpt-internet.top\/wp-content\/uploads\/2025\/08\/lien-he.jpg);\n}\n#section_992500731 .section-bg {\n  background-position: 48% 50%;\n}\n<\/style>\n\t<\/section>\n\t\n\t<section class=\"section\" id=\"section_1091608380\">\n\t\t<div class=\"bg section-bg fill bg-fill  bg-loaded\" >\n\n\t\t\t\n\t\t\t\n\t\t\t\n\n\t\t<\/div>\n\n\t\t\n\n\t\t<div class=\"section-content relative\">\n\t\t\t\n\n<div class=\"row\"  id=\"row-1314266611\">\n\n\n\t<div id=\"col-558934697\" class=\"col small-12 large-12\"  >\n\t\t\t\t<div class=\"col-inner\"  >\n\t\t\t\n\t\t\t\n\n<div class=\"row align-equal\"  id=\"row-2010510690\">\n\n\n\t<div id=\"col-1136000092\" class=\"col medium-6 small-12 large-6\"  >\n\t\t\t\t<div class=\"col-inner text-center\"  >\n\t\t\t\n\t\t\t\n\n\n\t\t<div class=\"icon-box featured-box icon-box-center text-center\"  >\n\t\t\t\t\t<div class=\"icon-box-img\" style=\"width: 60px\">\n\t\t\t\t<div class=\"icon\">\n\t\t\t\t\t<div class=\"icon-inner\" >\n\t\t\t\t\t\t<img loading=\"lazy\" decoding=\"async\" width=\"400\" height=\"400\" src=\"https:\/\/vnpt-internet.top\/wp-content\/uploads\/2025\/08\/contact-page-for-flatsome-wordpress-theme-pointed-icon-phone-400x400.png\" class=\"attachment-medium size-medium\" alt=\"\" srcset=\"https:\/\/vnpt-internet.top\/wp-content\/uploads\/2025\/08\/contact-page-for-flatsome-wordpress-theme-pointed-icon-phone-400x400.png 400w, https:\/\/vnpt-internet.top\/wp-content\/uploads\/2025\/08\/contact-page-for-flatsome-wordpress-theme-pointed-icon-phone-280x280.png 280w, https:\/\/vnpt-internet.top\/wp-content\/uploads\/2025\/08\/contact-page-for-flatsome-wordpress-theme-pointed-icon-phone.png 512w\" sizes=\"auto, (max-width: 400px) 100vw, 400px\" \/>\t\t\t\t\t<\/div>\n\t\t\t\t<\/div>\n\t\t\t<\/div>\n\t\t\t\t<div class=\"icon-box-text last-reset\">\n\t\t\t\t\t\t\t\t\t\n\n\t<div id=\"text-3953410397\" class=\"text\">\n\t\t\n\n<h4>HOTLINE<\/h4>\n<p>Interested in our hosting? Just pick up the phone and call us.<\/p>\n\t\t\n<style>\n#text-3953410397 {\n  color: rgb(0,0,0);\n}\n#text-3953410397 > * {\n  color: rgb(0,0,0);\n}\n<\/style>\n\t<\/div>\n\t\n\t<div id=\"gap-839142608\" class=\"gap-element clearfix\" style=\"display:block; height:auto;\">\n\t\t\n<style>\n#gap-839142608 {\n  padding-top: 20px;\n}\n<\/style>\n\t<\/div>\n\t\n\n<a class=\"button secondary\"  >\n    <span>31202340234<\/span>\n  <\/a>\n\n\n\n\t\t<\/div>\n\t<\/div>\n\t\n\t\n\n\t\t<\/div>\n\t\t\t\t\t<\/div>\n\n\t\n\n\t<div id=\"col-2061965881\" class=\"col medium-6 small-12 large-6\"  >\n\t\t\t\t<div class=\"col-inner text-center\"  >\n\t\t\t\n\t\t\t\n\n\n\t\t<div class=\"icon-box featured-box icon-box-center text-center\"  >\n\t\t\t\t\t<div class=\"icon-box-img\" style=\"width: 60px\">\n\t\t\t\t<div class=\"icon\">\n\t\t\t\t\t<div class=\"icon-inner\" >\n\t\t\t\t\t\t<img loading=\"lazy\" decoding=\"async\" width=\"400\" height=\"400\" src=\"https:\/\/vnpt-internet.top\/wp-content\/uploads\/2025\/08\/contact-page-for-flatsome-wordpress-theme-pointed-icon-chat-400x400.png\" class=\"attachment-medium size-medium\" alt=\"\" srcset=\"https:\/\/vnpt-internet.top\/wp-content\/uploads\/2025\/08\/contact-page-for-flatsome-wordpress-theme-pointed-icon-chat-400x400.png 400w, https:\/\/vnpt-internet.top\/wp-content\/uploads\/2025\/08\/contact-page-for-flatsome-wordpress-theme-pointed-icon-chat-280x280.png 280w, https:\/\/vnpt-internet.top\/wp-content\/uploads\/2025\/08\/contact-page-for-flatsome-wordpress-theme-pointed-icon-chat.png 512w\" sizes=\"auto, (max-width: 400px) 100vw, 400px\" \/>\t\t\t\t\t<\/div>\n\t\t\t\t<\/div>\n\t\t\t<\/div>\n\t\t\t\t<div class=\"icon-box-text last-reset\">\n\t\t\t\t\t\t\t\t\t\n\n\t<div id=\"text-471207224\" class=\"text\">\n\t\t\n\n<h4>Contact support<\/h4>\n<p>Sometimes you need a little help. Don&#8217;t worry, We&#8217;re here for you.<\/p>\n\t\t\n<style>\n#text-471207224 {\n  color: rgb(0, 0, 0);\n}\n#text-471207224 > * {\n  color: rgb(0, 0, 0);\n}\n<\/style>\n\t<\/div>\n\t\n\t<div id=\"gap-2104332823\" class=\"gap-element clearfix\" style=\"display:block; height:auto;\">\n\t\t\n<style>\n#gap-2104332823 {\n  padding-top: 20px;\n}\n<\/style>\n\t<\/div>\n\t\n\n\n\t\t<\/div>\n\t<\/div>\n\t\n\t\n<a class=\"button secondary\"  >\n    <span>Contact support<\/span>\n  <\/a>\n\n\n\n\t\t<\/div>\n\t\t\t\t\t<\/div>\n\n\t\n\n\t<div id=\"col-548281225\" class=\"col small-12 large-12\"  >\n\t\t\t\t<div class=\"col-inner text-center\" style=\"background-color:rgb(255,255,255);\" >\n\t\t\t\n\t\t\t\n\n\t<div id=\"text-1207801958\" class=\"text\">\n\t\t\n\n<h3>\u0110\u1eb6T L\u1ecaCH T\u01af V\u1ea4N<\/h3>\n\t\t\n<style>\n#text-1207801958 {\n  color: rgb(0, 0, 0);\n}\n#text-1207801958 > * {\n  color: rgb(0, 0, 0);\n}\n<\/style>\n\t<\/div>\n\t\n<div class=\"is-divider divider clearfix\" ><\/div>\n\n<div class=\"row align-center\"  id=\"row-1945504479\">\n\n\n\t<div id=\"col-1391694368\" class=\"col medium-11 small-12 large-9\"  >\n\t\t\t\t<div class=\"col-inner text-center\"  >\n\t\t\t\n\t\t\t\n\n\t<div id=\"text-3412835626\" class=\"text\">\n\t\t\n\n<p style=\"text-align: center;\"><style id=\"wpforms-css-vars-371\">\n\t\t\t\t#wpforms-371 {\n\t\t\t\t--wpforms-field-border-color: #000000;\n--wpforms-field-border-color-spare: #000000;\n--wpforms-field-text-color: #000000;\n--wpforms-label-color: rgba(0, 0, 0, 0.85);\n--wpforms-label-sublabel-color: rgba(0, 0, 0, 0.55);\n--wpforms-container-padding: 0px;\n--wpforms-container-border-width: 1px;\n--wpforms-container-border-radius: 3px;\n--wpforms-background-color: rgba(0, 0, 0, 0);\n--wpforms-field-size-input-height: 31px;\n--wpforms-field-size-input-spacing: 10px;\n--wpforms-field-size-font-size: 14px;\n--wpforms-field-size-line-height: 17px;\n--wpforms-field-size-padding-h: 9px;\n--wpforms-field-size-checkbox-size: 14px;\n--wpforms-field-size-sublabel-spacing: 5px;\n--wpforms-field-size-icon-size: 0.75;\n--wpforms-label-size-font-size: 16px;\n--wpforms-label-size-line-height: 19px;\n--wpforms-label-size-sublabel-font-size: 14px;\n--wpforms-label-size-sublabel-line-height: 17px;\n--wpforms-button-size-font-size: 17px;\n--wpforms-button-size-height: 41px;\n--wpforms-button-size-padding-h: 15px;\n--wpforms-button-size-margin-top: 10px;\n--wpforms-container-shadow-size-box-shadow: none;\n\n\t\t\t}\n\t\t\t<\/style><div class=\"wpforms-container wpforms-container-full wpforms-render-modern\" id=\"wpforms-371\"><form id=\"wpforms-form-371\" class=\"wpforms-validate wpforms-form wpforms-ajax-form\" data-formid=\"371\" method=\"post\" enctype=\"multipart\/form-data\" action=\"\/index.php?rest_route=%2Fwp%2Fv2%2Fpages%2F353\" data-token=\"c3e01bea0b111f65aee23d63e19bbaff\" data-token-time=\"1776471790\"><noscript class=\"wpforms-error-noscript\">Vui l\u00f2ng b\u1eadt JavaScript trong tr\u00ecnh duy\u1ec7t c\u1ee7a b\u1ea1n \u0111\u1ec3 ho\u00e0n th\u00e0nh Form n\u00e0y.<\/noscript><div id=\"wpforms-error-noscript\" style=\"display: none;\">Vui l\u00f2ng b\u1eadt JavaScript trong tr\u00ecnh duy\u1ec7t c\u1ee7a b\u1ea1n \u0111\u1ec3 ho\u00e0n th\u00e0nh Form n\u00e0y.<\/div><div class=\"wpforms-field-container\"><div id=\"wpforms-371-field_2-container\" class=\"wpforms-field wpforms-field-name\" data-field-id=\"2\"><label class=\"wpforms-field-label\" for=\"wpforms-371-field_2\">T\u00ean <span class=\"wpforms-required-label\" aria-hidden=\"true\">*<\/span><\/label><input type=\"text\" id=\"wpforms-371-field_2\" class=\"wpforms-field-medium wpforms-field-required\" name=\"wpforms[fields][2]\" aria-errormessage=\"wpforms-371-field_2-error\" required><\/div>\t\t<div id=\"wpforms-371-field_1-container\"\n\t\t\tclass=\"wpforms-field wpforms-field-text\"\n\t\t\tdata-field-type=\"text\"\n\t\t\tdata-field-id=\"1\"\n\t\t\t>\n\t\t\t<label class=\"wpforms-field-label\" for=\"wpforms-371-field_1\" >\u0111\u1eb7t \u0110\u1ecba S\u1ed1<\/label>\n\t\t\t<input type=\"text\" id=\"wpforms-371-field_1\" class=\"wpforms-field-medium\" name=\"wpforms[fields][1]\" >\n\t\t<\/div>\n\t\t<div id=\"wpforms-371-field_3-container\" class=\"wpforms-field wpforms-field-number\" data-field-id=\"3\"><label class=\"wpforms-field-label\" for=\"wpforms-371-field_3\">S\u1ed1 \u0111i\u1ec7n tho\u1ea1i <span class=\"wpforms-required-label\" aria-hidden=\"true\">*<\/span><\/label><input type=\"number\" id=\"wpforms-371-field_3\" class=\"wpforms-field-medium wpforms-field-required\" name=\"wpforms[fields][3]\" step=\"any\" aria-errormessage=\"wpforms-371-field_3-error\" required><\/div><div id=\"wpforms-371-field_5-container\" class=\"wpforms-field wpforms-field-text\" data-field-id=\"5\"><label class=\"wpforms-field-label\" for=\"wpforms-371-field_5\">\u0110\u1ecba ch\u1ec9 l\u1eafp \u0111\u1eb7t<\/label><input type=\"text\" id=\"wpforms-371-field_5\" class=\"wpforms-field-medium\" name=\"wpforms[fields][5]\" aria-errormessage=\"wpforms-371-field_5-error\" ><\/div><script>\n\t\t\t\t( function() {\n\t\t\t\t\tconst style = document.createElement( 'style' );\n\t\t\t\t\tstyle.appendChild( document.createTextNode( '#wpforms-371-field_1-container { position: absolute !important; overflow: hidden !important; display: inline !important; height: 1px !important; width: 1px !important; z-index: -1000 !important; padding: 0 !important; } #wpforms-371-field_1-container input { visibility: hidden; } #wpforms-conversational-form-page #wpforms-371-field_1-container label { counter-increment: none; }' ) );\n\t\t\t\t\tdocument.head.appendChild( style );\n\t\t\t\t\tdocument.currentScript?.remove();\n\t\t\t\t} )();\n\t\t\t<\/script><\/div><!-- .wpforms-field-container --><div class=\"wpforms-submit-container\" ><input type=\"hidden\" name=\"wpforms[id]\" value=\"371\"><input type=\"hidden\" name=\"page_title\" value=\"\"><input type=\"hidden\" name=\"page_url\" value=\"https:\/\/vnpt-internet.top\/index.php?rest_route=\/wp\/v2\/pages\/353\"><input type=\"hidden\" name=\"url_referer\" value=\"\"><button type=\"submit\" name=\"wpforms[submit]\" id=\"wpforms-submit-371\" class=\"wpforms-submit\" data-alt-text=\"\u0110ang g\u1eedi...\" data-submit-text=\"\u0110\u0103ng K\u00fd\" aria-live=\"assertive\" value=\"wpforms-submit\">\u0110\u0103ng K\u00fd<\/button><img loading=\"lazy\" decoding=\"async\" src=\"https:\/\/vnpt-internet.top\/wp-content\/plugins\/wpforms-lite\/assets\/images\/submit-spin.svg\" class=\"wpforms-submit-spinner\" style=\"display: none;\" width=\"26\" height=\"26\" alt=\"\u0110ang t\u1ea3i\"><\/div><\/form><\/div>  <!-- .wpforms-container -->\n<p style=\"text-align: center;\">\u00a0<\/p>\n\t\t\n<style>\n#text-3412835626 {\n  text-align: left;\n}\n<\/style>\n\t<\/div>\n\t\n\n\t\t<\/div>\n\t\t\t\t\t<\/div>\n\n\t\n\n<\/div>\n\n\t\t<\/div>\n\t\t\t\t\t<\/div>\n\n\t\n\n\t<div id=\"col-965374624\" class=\"col small-12 large-12\"  >\n\t\t\t\t<div class=\"col-inner text-left\"  >\n\t\t\t\n\t\t\t\n\n\n\n<iframe src=\"https:\/\/www.google.com\/maps\/embed?pb=!1m18!1m12!1m3!1d3724.346535278784!2d105.8090326!3d21.018815900000003!2m3!1f0!2f0!3f0!3m2!1i1024!2i768!4f13.1!3m3!1m2!1s0x3135ab66e7000001%3A0x178c213c28ffd09a!2zVOG6rXAgxJFvw6BuIELGsHUgY2jDrW5oIFZp4buFbiB0aMO0bmcgVmnhu4d0IE5hbQ!5e0!3m2!1sen!2s!4v1755397501672!5m2!1sen!2s\" width=\"1920\" height=\"450\" style=\"border:0;\" allowfullscreen=\"\" loading=\"lazy\" referrerpolicy=\"no-referrer-when-downgrade\"><\/iframe>\n\n\n\t\t<\/div>\n\t\t\t\t\t<\/div>\n\n\t\n\n\n<style>\n#row-2010510690 > .col > .col-inner {\n  padding: 40px 40px 40px 40px;\n  background-color: rgb(255,255,255);\n}\n<\/style>\n<\/div>\n\n\t\t<\/div>\n\t\t\t\t\n<style>\n#col-558934697 > .col-inner {\n  margin: -100px 0px 0px 0px;\n}\n<\/style>\n\t<\/div>\n\n\t\n\n<\/div>\n\n\t\t<\/div>\n\n\t\t\n<style>\n#section_1091608380 {\n  padding-top: 30px;\n  padding-bottom: 30px;\n  background-color: rgb(244, 244, 244);\n}\n<\/style>\n\t<\/section>\n\t\n\n","protected":false},"excerpt":{"rendered":"","protected":false},"author":1,"featured_media":0,"parent":0,"menu_order":0,"comment_status":"closed","ping_status":"closed","template":"","meta":{"footnotes":""},"class_list":["post-353","page","type-page","status-publish","hentry"],"_links":{"self":[{"href":"https:\/\/vnpt-internet.top\/index.php?rest_route=\/wp\/v2\/pages\/353","targetHints":{"allow":["GET"]}}],"collection":[{"href":"https:\/\/vnpt-internet.top\/index.php?rest_route=\/wp\/v2\/pages"}],"about":[{"href":"https:\/\/vnpt-internet.top\/index.php?rest_route=\/wp\/v2\/types\/page"}],"author":[{"embeddable":true,"href":"https:\/\/vnpt-internet.top\/index.php?rest_route=\/wp\/v2\/users\/1"}],"replies":[{"embeddable":true,"href":"https:\/\/vnpt-internet.top\/index.php?rest_route=%2Fwp%2Fv2%2Fcomments&post=353"}],"version-history":[{"count":12,"href":"https:\/\/vnpt-internet.top\/index.php?rest_route=\/wp\/v2\/pages\/353\/revisions"}],"predecessor-version":[{"id":405,"href":"https:\/\/vnpt-internet.top\/index.php?rest_route=\/wp\/v2\/pages\/353\/revisions\/405"}],"wp:attachment":[{"href":"https:\/\/vnpt-internet.top\/index.php?rest_route=%2Fwp%2Fv2%2Fmedia&parent=353"}],"curies":[{"name":"wp","href":"https:\/\/api.w.org\/{rel}","templated":true}]}}